{"id":28,"date":"2017-10-10T12:26:27","date_gmt":"2017-10-10T10:26:27","guid":{"rendered":"http:\/\/concepteur-multimedia-lyon.com\/verticalfit\/?page_id=28"},"modified":"2022-02-22T12:32:06","modified_gmt":"2022-02-22T11:32:06","slug":"contact","status":"publish","type":"page","link":"https:\/\/www.vertical-fit.fr\/en\/contact\/","title":{"rendered":"Contact"},"content":{"rendered":"<h1>Contact<\/h1>\n<p><strong>Mail :<\/strong> poledance87200@gmail.com<br \/>\n<strong>Tel :<\/strong> 06 75 71 03 28 (merci de laisser un message vocal ou SMS si je ne peux pas r\u00e9pondre)<\/p>\n<p><strong>Adress:<br \/>\n<\/strong>Vertical Fit<br \/>\n8 rue Jean-Jacques Rousseau<br \/>\n87200 Saint-Junien<\/p>\n<style type=\"text\/css\" id=\"umsMapStyles_1_26408\">\n    #ultimate_maps_1_26408 {\n        width: 100%;\n        height: 250px;\n                border: 0px solid ;\n        margin: 0px;\n    }\n    #mapsControlsNum_1_26408 {\n        width:100%    }\n    .umsMapDetailsContainer#umsMapDetailsContainer_1_26408 {\n        height:250px;\n    }\n    .ums_MapPreview#ultimate_maps_1_26408 {\n        \/*position:absolute;*\/\n        width:100%;\n    }\n    #mapConElem_1_26408{\n        width:100%    }\n    <\/style><div class=\"ums_map_opts\" id=\"mapConElem_1_26408\" data-id=\"1\" data-view-id=\"1_26408\" > <div class=\"umsMapDetailsContainer\" id=\"umsMapDetailsContainer_1_26408\"> <i class=\"umsKMLLayersPreloader fa fa-spinner fa-spin\" aria-hidden=\"true\" style=\"display: none;\"><\/i> <div class=\"ums_MapPreview\" id=\"ultimate_maps_1_26408\"><\/div> <\/div> <div class=\"umsMapMarkerFilters\" id=\"umsMapMarkerFilters_1_26408\"> <\/div> <div class=\"umsMapProControlsCon\" id=\"umsMapProControlsCon_1_26408\"> <a title=\"WP Google Maps\" style=\"display:none;\" href=\"https:\/\/supsystic.com\/plugins\/google-maps-plugin\/?utm_medium=love_link_hide\" target=\"_blank\">WP Google Maps<\/a><div style=\"clear: both;\"><\/div> <\/div> <div class=\"umsMapProDirectionsCon\" id=\"umsMapProDirectionsCon_1_26408\" > <\/div> <div class=\"umsMapProKmlFilterCon\" id=\"umsMapProKmlFilterCon_1_26408\" > <\/div> <div class=\"umsSocialSharingShell umsSocialSharingShell_1_26408\"> <\/div> <div style=\"clear: both;\"><\/div> <\/div>\n<p><strong>Venir \u00e0 pieds :<\/strong><br \/>\nLa salle est en plein centre ville de Saint-Junien !<\/p>\n<p><strong>Venir en voiture :<\/strong><br \/>\nDe nombreuses places de parking gratuites sont disponibles \u00e0 proximit\u00e9 !<\/p>","protected":false},"excerpt":{"rendered":"<p>Contact Mail : poledance87200@gmail.com T\u00e9l : 06 75 71 03 28 (merci de laisser un message vocal ou SMS si je ne peux pas r\u00e9pondre) Adresse : Vertical Fit 8 rue Jean-Jacques Rousseau 87200 Saint-Junien Venir \u00e0 pieds : La salle est en plein centre ville de Saint-Junien ! Venir en voiture : De nombreuses [&hellip;]<\/p>","protected":false},"author":1,"featured_media":0,"parent":0,"menu_order":5,"comment_status":"closed","ping_status":"closed","template":"","meta":{"sfsi_plus_gutenberg_text_before_share":"","sfsi_plus_gutenberg_show_text_before_share":"","sfsi_plus_gutenberg_icon_type":"","sfsi_plus_gutenberg_icon_alignemt":"","sfsi_plus_gutenburg_max_per_row":"","_exactmetrics_skip_tracking":false,"_exactmetrics_sitenote_active":false,"_exactmetrics_sitenote_note":"","_exactmetrics_sitenote_category":0,"ocean_post_layout":"","ocean_both_sidebars_style":"","ocean_both_sidebars_content_width":0,"ocean_both_sidebars_sidebars_width":0,"ocean_sidebar":"0","ocean_second_sidebar":"0","ocean_disable_margins":"enable","ocean_add_body_class":"","ocean_shortcode_before_top_bar":"","ocean_shortcode_after_top_bar":"","ocean_shortcode_before_header":"","ocean_shortcode_after_header":"","ocean_has_shortcode":"","ocean_shortcode_after_title":"","ocean_shortcode_before_footer_widgets":"","ocean_shortcode_after_footer_widgets":"","ocean_shortcode_before_footer_bottom":"","ocean_shortcode_after_footer_bottom":"","ocean_display_top_bar":"default","ocean_display_header":"default","ocean_header_style":"","ocean_center_header_left_menu":"0","ocean_custom_header_template":"0","ocean_custom_logo":0,"ocean_custom_retina_logo":0,"ocean_custom_logo_max_width":0,"ocean_custom_logo_tablet_max_width":0,"ocean_custom_logo_mobile_max_width":0,"ocean_custom_logo_max_height":0,"ocean_custom_logo_tablet_max_height":0,"ocean_custom_logo_mobile_max_height":0,"ocean_header_custom_menu":"0","ocean_menu_typo_font_family":"0","ocean_menu_typo_font_subset":"","ocean_menu_typo_font_size":0,"ocean_menu_typo_font_size_tablet":0,"ocean_menu_typo_font_size_mobile":0,"ocean_menu_typo_font_size_unit":"px","ocean_menu_typo_font_weight":"","ocean_menu_typo_font_weight_tablet":"","ocean_menu_typo_font_weight_mobile":"","ocean_menu_typo_transform":"","ocean_menu_typo_transform_tablet":"","ocean_menu_typo_transform_mobile":"","ocean_menu_typo_line_height":0,"ocean_menu_typo_line_height_tablet":0,"ocean_menu_typo_line_height_mobile":0,"ocean_menu_typo_line_height_unit":"","ocean_menu_typo_spacing":0,"ocean_menu_typo_spacing_tablet":0,"ocean_menu_typo_spacing_mobile":0,"ocean_menu_typo_spacing_unit":"","ocean_menu_link_color":"","ocean_menu_link_color_hover":"","ocean_menu_link_color_active":"","ocean_menu_link_background":"","ocean_menu_link_hover_background":"","ocean_menu_link_active_background":"","ocean_menu_social_links_bg":"","ocean_menu_social_hover_links_bg":"","ocean_menu_social_links_color":"","ocean_menu_social_hover_links_color":"","ocean_disable_title":"default","ocean_disable_heading":"default","ocean_post_title":"","ocean_post_subheading":"","ocean_post_title_style":"","ocean_post_title_background_color":"","ocean_post_title_background":0,"ocean_post_title_bg_image_position":"","ocean_post_title_bg_image_attachment":"","ocean_post_title_bg_image_repeat":"","ocean_post_title_bg_image_size":"","ocean_post_title_height":0,"ocean_post_title_bg_overlay":0.5,"ocean_post_title_bg_overlay_color":"","ocean_disable_breadcrumbs":"default","ocean_breadcrumbs_color":"","ocean_breadcrumbs_separator_color":"","ocean_breadcrumbs_links_color":"","ocean_breadcrumbs_links_hover_color":"","ocean_display_footer_widgets":"default","ocean_display_footer_bottom":"default","ocean_custom_footer_template":"0","footnotes":""},"yoast_head":"<!-- This site is optimized with the Yoast SEO plugin v22.3 - https:\/\/yoast.com\/wordpress\/plugins\/seo\/ -->\n<title>Contact - Vertical Fit - Pole dance \u00e0 Saint-Junien 87200<\/title>\n<meta name=\"description\" content=\"Contacter Vertical Fit, l&#039;\u00e9cole de pole dance de Saint-Junien situ\u00e9e en Haute-Vienne, entre Limoges et Angoul\u00eame.\" \/>\n<meta name=\"robots\" content=\"index, follow, max-snippet:-1, max-image-preview:large, max-video-preview:-1\" \/>\n<link rel=\"canonical\" href=\"https:\/\/www.vertical-fit.fr\/en\/contact\/\" \/>\n<meta property=\"og:locale\" content=\"en_US\" \/>\n<meta property=\"og:type\" content=\"article\" \/>\n<meta property=\"og:title\" content=\"Contact - Vertical Fit - Pole dance \u00e0 Saint-Junien 87200\" \/>\n<meta property=\"og:description\" content=\"Contacter Vertical Fit, l&#039;\u00e9cole de pole dance de Saint-Junien situ\u00e9e en Haute-Vienne, entre Limoges et Angoul\u00eame.\" \/>\n<meta property=\"og:url\" content=\"https:\/\/www.vertical-fit.fr\/en\/contact\/\" \/>\n<meta property=\"og:site_name\" content=\"Vertical Fit - Pole dance \u00e0 Saint-Junien 87200\" \/>\n<meta property=\"article:modified_time\" content=\"2022-02-22T11:32:06+00:00\" \/>\n<meta name=\"twitter:card\" content=\"summary_large_image\" \/>\n<meta name=\"twitter:label1\" content=\"Est. reading time\" \/>\n\t<meta name=\"twitter:data1\" content=\"1 minute\" \/>\n<script type=\"application\/ld+json\" class=\"yoast-schema-graph\">{\"@context\":\"https:\/\/schema.org\",\"@graph\":[{\"@type\":\"WebPage\",\"@id\":\"https:\/\/www.vertical-fit.fr\/contact\/\",\"url\":\"https:\/\/www.vertical-fit.fr\/contact\/\",\"name\":\"Contact - Vertical Fit - Pole dance \u00e0 Saint-Junien 87200\",\"isPartOf\":{\"@id\":\"https:\/\/www.vertical-fit.fr\/#website\"},\"datePublished\":\"2017-10-10T10:26:27+00:00\",\"dateModified\":\"2022-02-22T11:32:06+00:00\",\"description\":\"Contacter Vertical Fit, l'\u00e9cole de pole dance de Saint-Junien situ\u00e9e en Haute-Vienne, entre Limoges et Angoul\u00eame.\",\"breadcrumb\":{\"@id\":\"https:\/\/www.vertical-fit.fr\/contact\/#breadcrumb\"},\"inLanguage\":\"en-US\",\"potentialAction\":[{\"@type\":\"ReadAction\",\"target\":[\"https:\/\/www.vertical-fit.fr\/contact\/\"]}]},{\"@type\":\"BreadcrumbList\",\"@id\":\"https:\/\/www.vertical-fit.fr\/contact\/#breadcrumb\",\"itemListElement\":[{\"@type\":\"ListItem\",\"position\":1,\"name\":\"Accueil\",\"item\":\"https:\/\/www.vertical-fit.fr\/\"},{\"@type\":\"ListItem\",\"position\":2,\"name\":\"Contact\"}]},{\"@type\":\"WebSite\",\"@id\":\"https:\/\/www.vertical-fit.fr\/#website\",\"url\":\"https:\/\/www.vertical-fit.fr\/\",\"name\":\"Vertical Fit - Pole dance \u00e0 Saint-Junien 87200\",\"description\":\"Pole dance et pole fitness \u00e0 Saint-Junien- r\u00e9gion de Limoges en Haute-Vienne\",\"publisher\":{\"@id\":\"https:\/\/www.vertical-fit.fr\/#organization\"},\"potentialAction\":[{\"@type\":\"SearchAction\",\"target\":{\"@type\":\"EntryPoint\",\"urlTemplate\":\"https:\/\/www.vertical-fit.fr\/?s={search_term_string}\"},\"query-input\":\"required name=search_term_string\"}],\"inLanguage\":\"en-US\"},{\"@type\":\"Organization\",\"@id\":\"https:\/\/www.vertical-fit.fr\/#organization\",\"name\":\"Vertical Fit - Pole dance \u00e0 Saint-Junien 87200\",\"url\":\"https:\/\/www.vertical-fit.fr\/\",\"logo\":{\"@type\":\"ImageObject\",\"inLanguage\":\"en-US\",\"@id\":\"https:\/\/www.vertical-fit.fr\/#\/schema\/logo\/image\/\",\"url\":\"https:\/\/www.vertical-fit.fr\/wp-content\/uploads\/2018\/05\/cropped-logolong-verticalfit-poledance-stjunien.png\",\"contentUrl\":\"https:\/\/www.vertical-fit.fr\/wp-content\/uploads\/2018\/05\/cropped-logolong-verticalfit-poledance-stjunien.png\",\"width\":364,\"height\":75,\"caption\":\"Vertical Fit - Pole dance \u00e0 Saint-Junien 87200\"},\"image\":{\"@id\":\"https:\/\/www.vertical-fit.fr\/#\/schema\/logo\/image\/\"}}]}<\/script>\n<!-- \/ Yoast SEO plugin. -->","yoast_head_json":{"title":"Contact - Vertical Fit - Pole dance \u00e0 Saint-Junien 87200","description":"Contacter Vertical Fit, l'\u00e9cole de pole dance de Saint-Junien situ\u00e9e en Haute-Vienne, entre Limoges et Angoul\u00eame.","robots":{"index":"index","follow":"follow","max-snippet":"max-snippet:-1","max-image-preview":"max-image-preview:large","max-video-preview":"max-video-preview:-1"},"canonical":"https:\/\/www.vertical-fit.fr\/en\/contact\/","og_locale":"en_US","og_type":"article","og_title":"Contact - Vertical Fit - Pole dance \u00e0 Saint-Junien 87200","og_description":"Contacter Vertical Fit, l'\u00e9cole de pole dance de Saint-Junien situ\u00e9e en Haute-Vienne, entre Limoges et Angoul\u00eame.","og_url":"https:\/\/www.vertical-fit.fr\/en\/contact\/","og_site_name":"Vertical Fit - Pole dance \u00e0 Saint-Junien 87200","article_modified_time":"2022-02-22T11:32:06+00:00","twitter_card":"summary_large_image","twitter_misc":{"Est. reading time":"1 minute"},"schema":{"@context":"https:\/\/schema.org","@graph":[{"@type":"WebPage","@id":"https:\/\/www.vertical-fit.fr\/contact\/","url":"https:\/\/www.vertical-fit.fr\/contact\/","name":"Contact - Vertical Fit - Pole dance \u00e0 Saint-Junien 87200","isPartOf":{"@id":"https:\/\/www.vertical-fit.fr\/#website"},"datePublished":"2017-10-10T10:26:27+00:00","dateModified":"2022-02-22T11:32:06+00:00","description":"Contacter Vertical Fit, l'\u00e9cole de pole dance de Saint-Junien situ\u00e9e en Haute-Vienne, entre Limoges et Angoul\u00eame.","breadcrumb":{"@id":"https:\/\/www.vertical-fit.fr\/contact\/#breadcrumb"},"inLanguage":"en-US","potentialAction":[{"@type":"ReadAction","target":["https:\/\/www.vertical-fit.fr\/contact\/"]}]},{"@type":"BreadcrumbList","@id":"https:\/\/www.vertical-fit.fr\/contact\/#breadcrumb","itemListElement":[{"@type":"ListItem","position":1,"name":"Accueil","item":"https:\/\/www.vertical-fit.fr\/"},{"@type":"ListItem","position":2,"name":"Contact"}]},{"@type":"WebSite","@id":"https:\/\/www.vertical-fit.fr\/#website","url":"https:\/\/www.vertical-fit.fr\/","name":"Vertical Fit - Pole dance \u00e0 Saint-Junien 87200","description":"Pole dance et pole fitness \u00e0 Saint-Junien- r\u00e9gion de Limoges en Haute-Vienne","publisher":{"@id":"https:\/\/www.vertical-fit.fr\/#organization"},"potentialAction":[{"@type":"SearchAction","target":{"@type":"EntryPoint","urlTemplate":"https:\/\/www.vertical-fit.fr\/?s={search_term_string}"},"query-input":"required name=search_term_string"}],"inLanguage":"en-US"},{"@type":"Organization","@id":"https:\/\/www.vertical-fit.fr\/#organization","name":"Vertical Fit - Pole dance \u00e0 Saint-Junien 87200","url":"https:\/\/www.vertical-fit.fr\/","logo":{"@type":"ImageObject","inLanguage":"en-US","@id":"https:\/\/www.vertical-fit.fr\/#\/schema\/logo\/image\/","url":"https:\/\/www.vertical-fit.fr\/wp-content\/uploads\/2018\/05\/cropped-logolong-verticalfit-poledance-stjunien.png","contentUrl":"https:\/\/www.vertical-fit.fr\/wp-content\/uploads\/2018\/05\/cropped-logolong-verticalfit-poledance-stjunien.png","width":364,"height":75,"caption":"Vertical Fit - Pole dance \u00e0 Saint-Junien 87200"},"image":{"@id":"https:\/\/www.vertical-fit.fr\/#\/schema\/logo\/image\/"}}]}},"_links":{"self":[{"href":"https:\/\/www.vertical-fit.fr\/en\/wp-json\/wp\/v2\/pages\/28"}],"collection":[{"href":"https:\/\/www.vertical-fit.fr\/en\/wp-json\/wp\/v2\/pages"}],"about":[{"href":"https:\/\/www.vertical-fit.fr\/en\/wp-json\/wp\/v2\/types\/page"}],"author":[{"embeddable":true,"href":"https:\/\/www.vertical-fit.fr\/en\/wp-json\/wp\/v2\/users\/1"}],"replies":[{"embeddable":true,"href":"https:\/\/www.vertical-fit.fr\/en\/wp-json\/wp\/v2\/comments?post=28"}],"version-history":[{"count":9,"href":"https:\/\/www.vertical-fit.fr\/en\/wp-json\/wp\/v2\/pages\/28\/revisions"}],"predecessor-version":[{"id":652,"href":"https:\/\/www.vertical-fit.fr\/en\/wp-json\/wp\/v2\/pages\/28\/revisions\/652"}],"wp:attachment":[{"href":"https:\/\/www.vertical-fit.fr\/en\/wp-json\/wp\/v2\/media?parent=28"}],"curies":[{"name":"wp","href":"https:\/\/api.w.org\/{rel}","templated":true}]}}