{"id":328,"date":"2019-07-16T15:28:01","date_gmt":"2019-07-16T13:28:01","guid":{"rendered":"https:\/\/www.vertical-fit.fr\/?page_id=328"},"modified":"2022-02-22T11:31:41","modified_gmt":"2022-02-22T10:31:41","slug":"cours-particuliers-ou-semi-particulier","status":"publish","type":"page","link":"https:\/\/www.vertical-fit.fr\/en\/cours-particuliers-ou-semi-particulier\/","title":{"rendered":"Private or semi-private lessons"},"content":{"rendered":"<p>Les <strong>Private<\/strong> or <strong>semi-private<\/strong> allow you to progress in leaps and bounds.<br>You decide the program and the figures you want to work!<br>This is ideal if you want to deepen some figures or if your schedule does not allow you to come to our regular classes.<br>Private and semi-private lessons take place outside of group lesson times.<\/p>\n\n\n\n<p> T<strong>arifs :<\/strong><br>&#8211; cours particulier (1 \u00e9l\u00e8ve) : 50\u20ac\/heure<br>&#8211; cours semi-particulier (2 \u00e9l\u00e8ves) : 45\u20ac\/heure\/personne<br>&#8211; cours semi-particulier (3 \u00e9l\u00e8ves) : 40\u20ac\/heure\/personne<br>&#8211; cours semi-particulier (4 \u00e9l\u00e8ves et plus) : 35\u20ac\/heure\/personne <\/p>\n\n\n\n<p>Vertical Fit also offers <strong>regular personalized coaching<\/strong> to progress in pole dance faster.<br>Price on request.<\/p>","protected":false},"excerpt":{"rendered":"<p>Les cours particuliers ou semi-particuliers vous permettent de progresser \u00e0 pas de g\u00e9ant.C&rsquo;est vous qui d\u00e9cidez du programme et des figures que vous souhaitez travailler !C&rsquo;est l&rsquo;id\u00e9al si vous voulez approfondir certaines figures ou bien si votre planning ne vous permet pas de venir \u00e0 nos cours r\u00e9guliers.Les cours particuliers et semi-particuliers ont lieu en [&hellip;]<\/p>","protected":false},"author":1,"featured_media":0,"parent":0,"menu_order":0,"comment_status":"closed","ping_status":"closed","template":"","meta":{"sfsi_plus_gutenberg_text_before_share":"","sfsi_plus_gutenberg_show_text_before_share":"","sfsi_plus_gutenberg_icon_type":"","sfsi_plus_gutenberg_icon_alignemt":"","sfsi_plus_gutenburg_max_per_row":"","_exactmetrics_skip_tracking":false,"_exactmetrics_sitenote_active":false,"_exactmetrics_sitenote_note":"","_exactmetrics_sitenote_category":0,"ocean_post_layout":"","ocean_both_sidebars_style":"","ocean_both_sidebars_content_width":0,"ocean_both_sidebars_sidebars_width":0,"ocean_sidebar":"0","ocean_second_sidebar":"0","ocean_disable_margins":"enable","ocean_add_body_class":"","ocean_shortcode_before_top_bar":"","ocean_shortcode_after_top_bar":"","ocean_shortcode_before_header":"","ocean_shortcode_after_header":"","ocean_has_shortcode":"","ocean_shortcode_after_title":"","ocean_shortcode_before_footer_widgets":"","ocean_shortcode_after_footer_widgets":"","ocean_shortcode_before_footer_bottom":"","ocean_shortcode_after_footer_bottom":"","ocean_display_top_bar":"default","ocean_display_header":"default","ocean_header_style":"","ocean_center_header_left_menu":"0","ocean_custom_header_template":"0","ocean_custom_logo":0,"ocean_custom_retina_logo":0,"ocean_custom_logo_max_width":0,"ocean_custom_logo_tablet_max_width":0,"ocean_custom_logo_mobile_max_width":0,"ocean_custom_logo_max_height":0,"ocean_custom_logo_tablet_max_height":0,"ocean_custom_logo_mobile_max_height":0,"ocean_header_custom_menu":"0","ocean_menu_typo_font_family":"0","ocean_menu_typo_font_subset":"","ocean_menu_typo_font_size":0,"ocean_menu_typo_font_size_tablet":0,"ocean_menu_typo_font_size_mobile":0,"ocean_menu_typo_font_size_unit":"px","ocean_menu_typo_font_weight":"","ocean_menu_typo_font_weight_tablet":"","ocean_menu_typo_font_weight_mobile":"","ocean_menu_typo_transform":"","ocean_menu_typo_transform_tablet":"","ocean_menu_typo_transform_mobile":"","ocean_menu_typo_line_height":0,"ocean_menu_typo_line_height_tablet":0,"ocean_menu_typo_line_height_mobile":0,"ocean_menu_typo_line_height_unit":"","ocean_menu_typo_spacing":0,"ocean_menu_typo_spacing_tablet":0,"ocean_menu_typo_spacing_mobile":0,"ocean_menu_typo_spacing_unit":"","ocean_menu_link_color":"","ocean_menu_link_color_hover":"","ocean_menu_link_color_active":"","ocean_menu_link_background":"","ocean_menu_link_hover_background":"","ocean_menu_link_active_background":"","ocean_menu_social_links_bg":"","ocean_menu_social_hover_links_bg":"","ocean_menu_social_links_color":"","ocean_menu_social_hover_links_color":"","ocean_disable_title":"default","ocean_disable_heading":"default","ocean_post_title":"","ocean_post_subheading":"","ocean_post_title_style":"","ocean_post_title_background_color":"","ocean_post_title_background":0,"ocean_post_title_bg_image_position":"","ocean_post_title_bg_image_attachment":"","ocean_post_title_bg_image_repeat":"","ocean_post_title_bg_image_size":"","ocean_post_title_height":0,"ocean_post_title_bg_overlay":0.5,"ocean_post_title_bg_overlay_color":"","ocean_disable_breadcrumbs":"default","ocean_breadcrumbs_color":"","ocean_breadcrumbs_separator_color":"","ocean_breadcrumbs_links_color":"","ocean_breadcrumbs_links_hover_color":"","ocean_display_footer_widgets":"default","ocean_display_footer_bottom":"default","ocean_custom_footer_template":"0","footnotes":""},"yoast_head":"<!-- This site is optimized with the Yoast SEO plugin v22.3 - https:\/\/yoast.com\/wordpress\/plugins\/seo\/ -->\n<title>Cours particuliers ou semi-particulier - Vertical Fit - Pole dance \u00e0 Saint-Junien 87200<\/title>\n<meta name=\"description\" content=\"Les cours particuliers ou semi-particuliers vous permettent de progresser \u00e0 pas de g\u00e9ant.C&#039;est vous qui d\u00e9cidez du programme et des figures que vous souhaitez travailler !\" \/>\n<meta name=\"robots\" content=\"index, follow, max-snippet:-1, max-image-preview:large, max-video-preview:-1\" \/>\n<link rel=\"canonical\" href=\"https:\/\/www.vertical-fit.fr\/en\/cours-particuliers-ou-semi-particulier\/\" \/>\n<meta property=\"og:locale\" content=\"en_US\" \/>\n<meta property=\"og:type\" content=\"article\" \/>\n<meta property=\"og:title\" content=\"Cours particuliers ou semi-particulier - Vertical Fit - Pole dance \u00e0 Saint-Junien 87200\" \/>\n<meta property=\"og:description\" content=\"Les cours particuliers ou semi-particuliers vous permettent de progresser \u00e0 pas de g\u00e9ant.C&#039;est vous qui d\u00e9cidez du programme et des figures que vous souhaitez travailler !\" \/>\n<meta property=\"og:url\" content=\"https:\/\/www.vertical-fit.fr\/en\/cours-particuliers-ou-semi-particulier\/\" \/>\n<meta property=\"og:site_name\" content=\"Vertical Fit - Pole dance \u00e0 Saint-Junien 87200\" \/>\n<meta property=\"article:modified_time\" content=\"2022-02-22T10:31:41+00:00\" \/>\n<meta name=\"twitter:card\" content=\"summary_large_image\" \/>\n<meta name=\"twitter:label1\" content=\"Est. reading time\" \/>\n\t<meta name=\"twitter:data1\" content=\"1 minute\" \/>\n<script type=\"application\/ld+json\" class=\"yoast-schema-graph\">{\"@context\":\"https:\/\/schema.org\",\"@graph\":[{\"@type\":\"WebPage\",\"@id\":\"https:\/\/www.vertical-fit.fr\/cours-particuliers-ou-semi-particulier\/\",\"url\":\"https:\/\/www.vertical-fit.fr\/cours-particuliers-ou-semi-particulier\/\",\"name\":\"Cours particuliers ou semi-particulier - Vertical Fit - Pole dance \u00e0 Saint-Junien 87200\",\"isPartOf\":{\"@id\":\"https:\/\/www.vertical-fit.fr\/#website\"},\"datePublished\":\"2019-07-16T13:28:01+00:00\",\"dateModified\":\"2022-02-22T10:31:41+00:00\",\"description\":\"Les cours particuliers ou semi-particuliers vous permettent de progresser \u00e0 pas de g\u00e9ant.C'est vous qui d\u00e9cidez du programme et des figures que vous souhaitez travailler !\",\"breadcrumb\":{\"@id\":\"https:\/\/www.vertical-fit.fr\/cours-particuliers-ou-semi-particulier\/#breadcrumb\"},\"inLanguage\":\"en-US\",\"potentialAction\":[{\"@type\":\"ReadAction\",\"target\":[\"https:\/\/www.vertical-fit.fr\/cours-particuliers-ou-semi-particulier\/\"]}]},{\"@type\":\"BreadcrumbList\",\"@id\":\"https:\/\/www.vertical-fit.fr\/cours-particuliers-ou-semi-particulier\/#breadcrumb\",\"itemListElement\":[{\"@type\":\"ListItem\",\"position\":1,\"name\":\"Accueil\",\"item\":\"https:\/\/www.vertical-fit.fr\/\"},{\"@type\":\"ListItem\",\"position\":2,\"name\":\"Cours particuliers ou semi-particulier\"}]},{\"@type\":\"WebSite\",\"@id\":\"https:\/\/www.vertical-fit.fr\/#website\",\"url\":\"https:\/\/www.vertical-fit.fr\/\",\"name\":\"Vertical Fit - Pole dance \u00e0 Saint-Junien 87200\",\"description\":\"Pole dance et pole fitness \u00e0 Saint-Junien- r\u00e9gion de Limoges en Haute-Vienne\",\"publisher\":{\"@id\":\"https:\/\/www.vertical-fit.fr\/#organization\"},\"potentialAction\":[{\"@type\":\"SearchAction\",\"target\":{\"@type\":\"EntryPoint\",\"urlTemplate\":\"https:\/\/www.vertical-fit.fr\/?s={search_term_string}\"},\"query-input\":\"required name=search_term_string\"}],\"inLanguage\":\"en-US\"},{\"@type\":\"Organization\",\"@id\":\"https:\/\/www.vertical-fit.fr\/#organization\",\"name\":\"Vertical Fit - Pole dance \u00e0 Saint-Junien 87200\",\"url\":\"https:\/\/www.vertical-fit.fr\/\",\"logo\":{\"@type\":\"ImageObject\",\"inLanguage\":\"en-US\",\"@id\":\"https:\/\/www.vertical-fit.fr\/#\/schema\/logo\/image\/\",\"url\":\"https:\/\/www.vertical-fit.fr\/wp-content\/uploads\/2018\/05\/cropped-logolong-verticalfit-poledance-stjunien.png\",\"contentUrl\":\"https:\/\/www.vertical-fit.fr\/wp-content\/uploads\/2018\/05\/cropped-logolong-verticalfit-poledance-stjunien.png\",\"width\":364,\"height\":75,\"caption\":\"Vertical Fit - Pole dance \u00e0 Saint-Junien 87200\"},\"image\":{\"@id\":\"https:\/\/www.vertical-fit.fr\/#\/schema\/logo\/image\/\"}}]}<\/script>\n<!-- \/ Yoast SEO plugin. -->","yoast_head_json":{"title":"Cours particuliers ou semi-particulier - Vertical Fit - Pole dance \u00e0 Saint-Junien 87200","description":"Les cours particuliers ou semi-particuliers vous permettent de progresser \u00e0 pas de g\u00e9ant.C'est vous qui d\u00e9cidez du programme et des figures que vous souhaitez travailler !","robots":{"index":"index","follow":"follow","max-snippet":"max-snippet:-1","max-image-preview":"max-image-preview:large","max-video-preview":"max-video-preview:-1"},"canonical":"https:\/\/www.vertical-fit.fr\/en\/cours-particuliers-ou-semi-particulier\/","og_locale":"en_US","og_type":"article","og_title":"Cours particuliers ou semi-particulier - Vertical Fit - Pole dance \u00e0 Saint-Junien 87200","og_description":"Les cours particuliers ou semi-particuliers vous permettent de progresser \u00e0 pas de g\u00e9ant.C'est vous qui d\u00e9cidez du programme et des figures que vous souhaitez travailler !","og_url":"https:\/\/www.vertical-fit.fr\/en\/cours-particuliers-ou-semi-particulier\/","og_site_name":"Vertical Fit - Pole dance \u00e0 Saint-Junien 87200","article_modified_time":"2022-02-22T10:31:41+00:00","twitter_card":"summary_large_image","twitter_misc":{"Est. reading time":"1 minute"},"schema":{"@context":"https:\/\/schema.org","@graph":[{"@type":"WebPage","@id":"https:\/\/www.vertical-fit.fr\/cours-particuliers-ou-semi-particulier\/","url":"https:\/\/www.vertical-fit.fr\/cours-particuliers-ou-semi-particulier\/","name":"Cours particuliers ou semi-particulier - Vertical Fit - Pole dance \u00e0 Saint-Junien 87200","isPartOf":{"@id":"https:\/\/www.vertical-fit.fr\/#website"},"datePublished":"2019-07-16T13:28:01+00:00","dateModified":"2022-02-22T10:31:41+00:00","description":"Les cours particuliers ou semi-particuliers vous permettent de progresser \u00e0 pas de g\u00e9ant.C'est vous qui d\u00e9cidez du programme et des figures que vous souhaitez travailler !","breadcrumb":{"@id":"https:\/\/www.vertical-fit.fr\/cours-particuliers-ou-semi-particulier\/#breadcrumb"},"inLanguage":"en-US","potentialAction":[{"@type":"ReadAction","target":["https:\/\/www.vertical-fit.fr\/cours-particuliers-ou-semi-particulier\/"]}]},{"@type":"BreadcrumbList","@id":"https:\/\/www.vertical-fit.fr\/cours-particuliers-ou-semi-particulier\/#breadcrumb","itemListElement":[{"@type":"ListItem","position":1,"name":"Accueil","item":"https:\/\/www.vertical-fit.fr\/"},{"@type":"ListItem","position":2,"name":"Cours particuliers ou semi-particulier"}]},{"@type":"WebSite","@id":"https:\/\/www.vertical-fit.fr\/#website","url":"https:\/\/www.vertical-fit.fr\/","name":"Vertical Fit - Pole dance \u00e0 Saint-Junien 87200","description":"Pole dance et pole fitness \u00e0 Saint-Junien- r\u00e9gion de Limoges en Haute-Vienne","publisher":{"@id":"https:\/\/www.vertical-fit.fr\/#organization"},"potentialAction":[{"@type":"SearchAction","target":{"@type":"EntryPoint","urlTemplate":"https:\/\/www.vertical-fit.fr\/?s={search_term_string}"},"query-input":"required name=search_term_string"}],"inLanguage":"en-US"},{"@type":"Organization","@id":"https:\/\/www.vertical-fit.fr\/#organization","name":"Vertical Fit - Pole dance \u00e0 Saint-Junien 87200","url":"https:\/\/www.vertical-fit.fr\/","logo":{"@type":"ImageObject","inLanguage":"en-US","@id":"https:\/\/www.vertical-fit.fr\/#\/schema\/logo\/image\/","url":"https:\/\/www.vertical-fit.fr\/wp-content\/uploads\/2018\/05\/cropped-logolong-verticalfit-poledance-stjunien.png","contentUrl":"https:\/\/www.vertical-fit.fr\/wp-content\/uploads\/2018\/05\/cropped-logolong-verticalfit-poledance-stjunien.png","width":364,"height":75,"caption":"Vertical Fit - Pole dance \u00e0 Saint-Junien 87200"},"image":{"@id":"https:\/\/www.vertical-fit.fr\/#\/schema\/logo\/image\/"}}]}},"_links":{"self":[{"href":"https:\/\/www.vertical-fit.fr\/en\/wp-json\/wp\/v2\/pages\/328"}],"collection":[{"href":"https:\/\/www.vertical-fit.fr\/en\/wp-json\/wp\/v2\/pages"}],"about":[{"href":"https:\/\/www.vertical-fit.fr\/en\/wp-json\/wp\/v2\/types\/page"}],"author":[{"embeddable":true,"href":"https:\/\/www.vertical-fit.fr\/en\/wp-json\/wp\/v2\/users\/1"}],"replies":[{"embeddable":true,"href":"https:\/\/www.vertical-fit.fr\/en\/wp-json\/wp\/v2\/comments?post=328"}],"version-history":[{"count":6,"href":"https:\/\/www.vertical-fit.fr\/en\/wp-json\/wp\/v2\/pages\/328\/revisions"}],"predecessor-version":[{"id":645,"href":"https:\/\/www.vertical-fit.fr\/en\/wp-json\/wp\/v2\/pages\/328\/revisions\/645"}],"wp:attachment":[{"href":"https:\/\/www.vertical-fit.fr\/en\/wp-json\/wp\/v2\/media?parent=328"}],"curies":[{"name":"wp","href":"https:\/\/api.w.org\/{rel}","templated":true}]}}