{"id":541,"date":"2021-05-27T16:13:06","date_gmt":"2021-05-27T14:13:06","guid":{"rendered":"https:\/\/www.vertical-fit.fr\/?page_id=541"},"modified":"2026-03-27T10:53:16","modified_gmt":"2026-03-27T09:53:16","slug":"chair-dance-saint-junien","status":"publish","type":"page","link":"https:\/\/www.vertical-fit.fr\/en\/activites-complementaires\/chair-dance-saint-junien\/","title":{"rendered":"Chair dance"},"content":{"rendered":"<p><\/p>\n\n\n\n<div class=\"wp-block-media-text alignwide is-stacked-on-mobile\" style=\"grid-template-columns:29% auto\"><figure class=\"wp-block-media-text__media\"><img loading=\"lazy\" decoding=\"async\" width=\"683\" height=\"1024\" src=\"https:\/\/www.vertical-fit.fr\/wp-content\/uploads\/2026\/03\/chair-dance-st-junien-683x1024.jpg\" alt=\"Chair dance Saint-Junien\" class=\"wp-image-1004 size-full\" srcset=\"https:\/\/www.vertical-fit.fr\/wp-content\/uploads\/2026\/03\/chair-dance-st-junien-683x1024.jpg 683w, https:\/\/www.vertical-fit.fr\/wp-content\/uploads\/2026\/03\/chair-dance-st-junien-200x300.jpg 200w, https:\/\/www.vertical-fit.fr\/wp-content\/uploads\/2026\/03\/chair-dance-st-junien-768x1151.jpg 768w, https:\/\/www.vertical-fit.fr\/wp-content\/uploads\/2026\/03\/chair-dance-st-junien-1025x1536.jpg 1025w, https:\/\/www.vertical-fit.fr\/wp-content\/uploads\/2026\/03\/chair-dance-st-junien-1366x2048.jpg 1366w, https:\/\/www.vertical-fit.fr\/wp-content\/uploads\/2026\/03\/chair-dance-st-junien-8x12.jpg 8w, https:\/\/www.vertical-fit.fr\/wp-content\/uploads\/2026\/03\/chair-dance-st-junien-scaled.jpg 1708w\" sizes=\"(max-width: 683px) 100vw, 683px\" \/><\/figure><div class=\"wp-block-media-text__content\">\n<p>Vertical Fit vous propose un cours de <strong>chair dance<\/strong> pendant lequel vous apprendrez une chor\u00e9graphie avec des mouvements simples et sexy autour d\u2019une chaise !<br><br>In this class, we learn a choreography that will mix dance and sexy poses, on and<br>autour de la chaise.<br><br>Platform heels are not mandatory.<br><br>Le cours est tous niveaux, et est accessible aux personnes n\u2019ayant jamais<br>pratiqu\u00e9 la danse.<br><br>This <strong>cours de chair dance<\/strong> est programm\u00e9 de mani\u00e8re non-r\u00e9guli\u00e8re.<\/p>\n\n\n\n<p><strong>Oufit:<\/strong><br>Pr\u00e9voyez une tenue confortable.<br>Platform heels are not mandatory.<br>Si vous avez des talons, ils doivent avoir une semelle propre.<br>Si vous n\u2019avez pas de talons, pr\u00e9voyez des chaussettes.<br>Les port de genouill\u00e8res est fortement recommand\u00e9 (des genouill\u00e8res sont en pr\u00eat \u00e0 la salle).<\/p>\n<\/div><\/div>\n\n\n\n<p><\/p>","protected":false},"excerpt":{"rendered":"<p>Vertical Fit vous propose un cours de chair dance pendant lequel vous apprendrez une chor\u00e9graphie avec des mouvements simples et sexy autour d\u2019une chaise ! Dans ce cours, nous apprenons une chor\u00e9graphie qui m\u00ealera danse et poses sexy, sur etautour de la chaise. Les talons ne sont pas obligatoires. Le cours est tous niveaux, et [&hellip;]<\/p>","protected":false},"author":1,"featured_media":0,"parent":22,"menu_order":4,"comment_status":"closed","ping_status":"closed","template":"","meta":{"sfsi_plus_gutenberg_text_before_share":"","sfsi_plus_gutenberg_show_text_before_share":"","sfsi_plus_gutenberg_icon_type":"","sfsi_plus_gutenberg_icon_alignemt":"","sfsi_plus_gutenburg_max_per_row":"","_exactmetrics_skip_tracking":false,"_exactmetrics_sitenote_active":false,"_exactmetrics_sitenote_note":"","_exactmetrics_sitenote_category":0,"ocean_post_layout":"","ocean_both_sidebars_style":"","ocean_both_sidebars_content_width":0,"ocean_both_sidebars_sidebars_width":0,"ocean_sidebar":"0","ocean_second_sidebar":"0","ocean_disable_margins":"enable","ocean_add_body_class":"","ocean_shortcode_before_top_bar":"","ocean_shortcode_after_top_bar":"","ocean_shortcode_before_header":"","ocean_shortcode_after_header":"","ocean_has_shortcode":"","ocean_shortcode_after_title":"","ocean_shortcode_before_footer_widgets":"","ocean_shortcode_after_footer_widgets":"","ocean_shortcode_before_footer_bottom":"","ocean_shortcode_after_footer_bottom":"","ocean_display_top_bar":"default","ocean_display_header":"default","ocean_header_style":"","ocean_center_header_left_menu":"0","ocean_custom_header_template":"0","ocean_custom_logo":0,"ocean_custom_retina_logo":0,"ocean_custom_logo_max_width":0,"ocean_custom_logo_tablet_max_width":0,"ocean_custom_logo_mobile_max_width":0,"ocean_custom_logo_max_height":0,"ocean_custom_logo_tablet_max_height":0,"ocean_custom_logo_mobile_max_height":0,"ocean_header_custom_menu":"0","ocean_menu_typo_font_family":"0","ocean_menu_typo_font_subset":"","ocean_menu_typo_font_size":0,"ocean_menu_typo_font_size_tablet":0,"ocean_menu_typo_font_size_mobile":0,"ocean_menu_typo_font_size_unit":"px","ocean_menu_typo_font_weight":"","ocean_menu_typo_font_weight_tablet":"","ocean_menu_typo_font_weight_mobile":"","ocean_menu_typo_transform":"","ocean_menu_typo_transform_tablet":"","ocean_menu_typo_transform_mobile":"","ocean_menu_typo_line_height":0,"ocean_menu_typo_line_height_tablet":0,"ocean_menu_typo_line_height_mobile":0,"ocean_menu_typo_line_height_unit":"","ocean_menu_typo_spacing":0,"ocean_menu_typo_spacing_tablet":0,"ocean_menu_typo_spacing_mobile":0,"ocean_menu_typo_spacing_unit":"","ocean_menu_link_color":"","ocean_menu_link_color_hover":"","ocean_menu_link_color_active":"","ocean_menu_link_background":"","ocean_menu_link_hover_background":"","ocean_menu_link_active_background":"","ocean_menu_social_links_bg":"","ocean_menu_social_hover_links_bg":"","ocean_menu_social_links_color":"","ocean_menu_social_hover_links_color":"","ocean_disable_title":"default","ocean_disable_heading":"default","ocean_post_title":"","ocean_post_subheading":"","ocean_post_title_style":"","ocean_post_title_background_color":"","ocean_post_title_background":0,"ocean_post_title_bg_image_position":"","ocean_post_title_bg_image_attachment":"","ocean_post_title_bg_image_repeat":"","ocean_post_title_bg_image_size":"","ocean_post_title_height":0,"ocean_post_title_bg_overlay":0.5,"ocean_post_title_bg_overlay_color":"","ocean_disable_breadcrumbs":"default","ocean_breadcrumbs_color":"","ocean_breadcrumbs_separator_color":"","ocean_breadcrumbs_links_color":"","ocean_breadcrumbs_links_hover_color":"","ocean_display_footer_widgets":"default","ocean_display_footer_bottom":"default","ocean_custom_footer_template":"0","footnotes":""},"yoast_head":"<!-- This site is optimized with the Yoast SEO plugin v22.3 - https:\/\/yoast.com\/wordpress\/plugins\/seo\/ -->\n<title>Chair dance - Vertical Fit - Pole dance \u00e0 Saint-Junien 87200<\/title>\n<meta name=\"description\" content=\"Vertical Fit vous propose un cours de chair dance pendant lequel vous apprendrez une chor\u00e9graphie avec des mouvements simples et sexy autour d\u2019une chaise !\" \/>\n<meta name=\"robots\" content=\"index, follow, max-snippet:-1, max-image-preview:large, max-video-preview:-1\" \/>\n<link rel=\"canonical\" href=\"https:\/\/www.vertical-fit.fr\/en\/activites-complementaires\/chair-dance-saint-junien\/\" \/>\n<meta property=\"og:locale\" content=\"en_US\" \/>\n<meta property=\"og:type\" content=\"article\" \/>\n<meta property=\"og:title\" content=\"Chair dance - Vertical Fit - Pole dance \u00e0 Saint-Junien 87200\" \/>\n<meta property=\"og:description\" content=\"Vertical Fit vous propose un cours de chair dance pendant lequel vous apprendrez une chor\u00e9graphie avec des mouvements simples et sexy autour d\u2019une chaise !\" \/>\n<meta property=\"og:url\" content=\"https:\/\/www.vertical-fit.fr\/en\/activites-complementaires\/chair-dance-saint-junien\/\" \/>\n<meta property=\"og:site_name\" content=\"Vertical Fit - Pole dance \u00e0 Saint-Junien 87200\" \/>\n<meta property=\"article:modified_time\" content=\"2026-03-27T09:53:16+00:00\" \/>\n<meta property=\"og:image\" content=\"https:\/\/www.vertical-fit.fr\/wp-content\/uploads\/2026\/03\/chair-dance-st-junien-683x1024.jpg\" \/>\n<meta name=\"twitter:card\" content=\"summary_large_image\" \/>\n<meta name=\"twitter:label1\" content=\"Est. reading time\" \/>\n\t<meta name=\"twitter:data1\" content=\"1 minute\" \/>\n<script type=\"application\/ld+json\" class=\"yoast-schema-graph\">{\"@context\":\"https:\/\/schema.org\",\"@graph\":[{\"@type\":\"WebPage\",\"@id\":\"https:\/\/www.vertical-fit.fr\/activites-complementaires\/chair-dance-saint-junien\/\",\"url\":\"https:\/\/www.vertical-fit.fr\/activites-complementaires\/chair-dance-saint-junien\/\",\"name\":\"Chair dance - Vertical Fit - Pole dance \u00e0 Saint-Junien 87200\",\"isPartOf\":{\"@id\":\"https:\/\/www.vertical-fit.fr\/#website\"},\"primaryImageOfPage\":{\"@id\":\"https:\/\/www.vertical-fit.fr\/activites-complementaires\/chair-dance-saint-junien\/#primaryimage\"},\"image\":{\"@id\":\"https:\/\/www.vertical-fit.fr\/activites-complementaires\/chair-dance-saint-junien\/#primaryimage\"},\"thumbnailUrl\":\"https:\/\/www.vertical-fit.fr\/wp-content\/uploads\/2026\/03\/chair-dance-st-junien-683x1024.jpg\",\"datePublished\":\"2021-05-27T14:13:06+00:00\",\"dateModified\":\"2026-03-27T09:53:16+00:00\",\"description\":\"Vertical Fit vous propose un cours de chair dance pendant lequel vous apprendrez une chor\u00e9graphie avec des mouvements simples et sexy autour d\u2019une chaise !\",\"breadcrumb\":{\"@id\":\"https:\/\/www.vertical-fit.fr\/activites-complementaires\/chair-dance-saint-junien\/#breadcrumb\"},\"inLanguage\":\"en-US\",\"potentialAction\":[{\"@type\":\"ReadAction\",\"target\":[\"https:\/\/www.vertical-fit.fr\/activites-complementaires\/chair-dance-saint-junien\/\"]}]},{\"@type\":\"ImageObject\",\"inLanguage\":\"en-US\",\"@id\":\"https:\/\/www.vertical-fit.fr\/activites-complementaires\/chair-dance-saint-junien\/#primaryimage\",\"url\":\"https:\/\/www.vertical-fit.fr\/wp-content\/uploads\/2026\/03\/chair-dance-st-junien-scaled.jpg\",\"contentUrl\":\"https:\/\/www.vertical-fit.fr\/wp-content\/uploads\/2026\/03\/chair-dance-st-junien-scaled.jpg\",\"width\":1708,\"height\":2560},{\"@type\":\"BreadcrumbList\",\"@id\":\"https:\/\/www.vertical-fit.fr\/activites-complementaires\/chair-dance-saint-junien\/#breadcrumb\",\"itemListElement\":[{\"@type\":\"ListItem\",\"position\":1,\"name\":\"Accueil\",\"item\":\"https:\/\/www.vertical-fit.fr\/\"},{\"@type\":\"ListItem\",\"position\":2,\"name\":\"Activit\u00e9s compl\u00e9mentaires\",\"item\":\"https:\/\/www.vertical-fit.fr\/en\/activites-complementaires\/\"},{\"@type\":\"ListItem\",\"position\":3,\"name\":\"Chair dance\"}]},{\"@type\":\"WebSite\",\"@id\":\"https:\/\/www.vertical-fit.fr\/#website\",\"url\":\"https:\/\/www.vertical-fit.fr\/\",\"name\":\"Vertical Fit - Pole dance \u00e0 Saint-Junien 87200\",\"description\":\"Pole dance et pole fitness \u00e0 Saint-Junien- r\u00e9gion de Limoges en Haute-Vienne\",\"publisher\":{\"@id\":\"https:\/\/www.vertical-fit.fr\/#organization\"},\"potentialAction\":[{\"@type\":\"SearchAction\",\"target\":{\"@type\":\"EntryPoint\",\"urlTemplate\":\"https:\/\/www.vertical-fit.fr\/?s={search_term_string}\"},\"query-input\":\"required name=search_term_string\"}],\"inLanguage\":\"en-US\"},{\"@type\":\"Organization\",\"@id\":\"https:\/\/www.vertical-fit.fr\/#organization\",\"name\":\"Vertical Fit - Pole dance \u00e0 Saint-Junien 87200\",\"url\":\"https:\/\/www.vertical-fit.fr\/\",\"logo\":{\"@type\":\"ImageObject\",\"inLanguage\":\"en-US\",\"@id\":\"https:\/\/www.vertical-fit.fr\/#\/schema\/logo\/image\/\",\"url\":\"https:\/\/www.vertical-fit.fr\/wp-content\/uploads\/2018\/05\/cropped-logolong-verticalfit-poledance-stjunien.png\",\"contentUrl\":\"https:\/\/www.vertical-fit.fr\/wp-content\/uploads\/2018\/05\/cropped-logolong-verticalfit-poledance-stjunien.png\",\"width\":364,\"height\":75,\"caption\":\"Vertical Fit - Pole dance \u00e0 Saint-Junien 87200\"},\"image\":{\"@id\":\"https:\/\/www.vertical-fit.fr\/#\/schema\/logo\/image\/\"}}]}<\/script>\n<!-- \/ Yoast SEO plugin. -->","yoast_head_json":{"title":"Chair dance - Vertical Fit - Pole dance \u00e0 Saint-Junien 87200","description":"Vertical Fit vous propose un cours de chair dance pendant lequel vous apprendrez une chor\u00e9graphie avec des mouvements simples et sexy autour d\u2019une chaise !","robots":{"index":"index","follow":"follow","max-snippet":"max-snippet:-1","max-image-preview":"max-image-preview:large","max-video-preview":"max-video-preview:-1"},"canonical":"https:\/\/www.vertical-fit.fr\/en\/activites-complementaires\/chair-dance-saint-junien\/","og_locale":"en_US","og_type":"article","og_title":"Chair dance - Vertical Fit - Pole dance \u00e0 Saint-Junien 87200","og_description":"Vertical Fit vous propose un cours de chair dance pendant lequel vous apprendrez une chor\u00e9graphie avec des mouvements simples et sexy autour d\u2019une chaise !","og_url":"https:\/\/www.vertical-fit.fr\/en\/activites-complementaires\/chair-dance-saint-junien\/","og_site_name":"Vertical Fit - Pole dance \u00e0 Saint-Junien 87200","article_modified_time":"2026-03-27T09:53:16+00:00","og_image":[{"url":"https:\/\/www.vertical-fit.fr\/wp-content\/uploads\/2026\/03\/chair-dance-st-junien-683x1024.jpg"}],"twitter_card":"summary_large_image","twitter_misc":{"Est. reading time":"1 minute"},"schema":{"@context":"https:\/\/schema.org","@graph":[{"@type":"WebPage","@id":"https:\/\/www.vertical-fit.fr\/activites-complementaires\/chair-dance-saint-junien\/","url":"https:\/\/www.vertical-fit.fr\/activites-complementaires\/chair-dance-saint-junien\/","name":"Chair dance - Vertical Fit - Pole dance \u00e0 Saint-Junien 87200","isPartOf":{"@id":"https:\/\/www.vertical-fit.fr\/#website"},"primaryImageOfPage":{"@id":"https:\/\/www.vertical-fit.fr\/activites-complementaires\/chair-dance-saint-junien\/#primaryimage"},"image":{"@id":"https:\/\/www.vertical-fit.fr\/activites-complementaires\/chair-dance-saint-junien\/#primaryimage"},"thumbnailUrl":"https:\/\/www.vertical-fit.fr\/wp-content\/uploads\/2026\/03\/chair-dance-st-junien-683x1024.jpg","datePublished":"2021-05-27T14:13:06+00:00","dateModified":"2026-03-27T09:53:16+00:00","description":"Vertical Fit vous propose un cours de chair dance pendant lequel vous apprendrez une chor\u00e9graphie avec des mouvements simples et sexy autour d\u2019une chaise !","breadcrumb":{"@id":"https:\/\/www.vertical-fit.fr\/activites-complementaires\/chair-dance-saint-junien\/#breadcrumb"},"inLanguage":"en-US","potentialAction":[{"@type":"ReadAction","target":["https:\/\/www.vertical-fit.fr\/activites-complementaires\/chair-dance-saint-junien\/"]}]},{"@type":"ImageObject","inLanguage":"en-US","@id":"https:\/\/www.vertical-fit.fr\/activites-complementaires\/chair-dance-saint-junien\/#primaryimage","url":"https:\/\/www.vertical-fit.fr\/wp-content\/uploads\/2026\/03\/chair-dance-st-junien-scaled.jpg","contentUrl":"https:\/\/www.vertical-fit.fr\/wp-content\/uploads\/2026\/03\/chair-dance-st-junien-scaled.jpg","width":1708,"height":2560},{"@type":"BreadcrumbList","@id":"https:\/\/www.vertical-fit.fr\/activites-complementaires\/chair-dance-saint-junien\/#breadcrumb","itemListElement":[{"@type":"ListItem","position":1,"name":"Accueil","item":"https:\/\/www.vertical-fit.fr\/"},{"@type":"ListItem","position":2,"name":"Activit\u00e9s compl\u00e9mentaires","item":"https:\/\/www.vertical-fit.fr\/en\/activites-complementaires\/"},{"@type":"ListItem","position":3,"name":"Chair dance"}]},{"@type":"WebSite","@id":"https:\/\/www.vertical-fit.fr\/#website","url":"https:\/\/www.vertical-fit.fr\/","name":"Vertical Fit - Pole dance \u00e0 Saint-Junien 87200","description":"Pole dance et pole fitness \u00e0 Saint-Junien- r\u00e9gion de Limoges en Haute-Vienne","publisher":{"@id":"https:\/\/www.vertical-fit.fr\/#organization"},"potentialAction":[{"@type":"SearchAction","target":{"@type":"EntryPoint","urlTemplate":"https:\/\/www.vertical-fit.fr\/?s={search_term_string}"},"query-input":"required name=search_term_string"}],"inLanguage":"en-US"},{"@type":"Organization","@id":"https:\/\/www.vertical-fit.fr\/#organization","name":"Vertical Fit - Pole dance \u00e0 Saint-Junien 87200","url":"https:\/\/www.vertical-fit.fr\/","logo":{"@type":"ImageObject","inLanguage":"en-US","@id":"https:\/\/www.vertical-fit.fr\/#\/schema\/logo\/image\/","url":"https:\/\/www.vertical-fit.fr\/wp-content\/uploads\/2018\/05\/cropped-logolong-verticalfit-poledance-stjunien.png","contentUrl":"https:\/\/www.vertical-fit.fr\/wp-content\/uploads\/2018\/05\/cropped-logolong-verticalfit-poledance-stjunien.png","width":364,"height":75,"caption":"Vertical Fit - Pole dance \u00e0 Saint-Junien 87200"},"image":{"@id":"https:\/\/www.vertical-fit.fr\/#\/schema\/logo\/image\/"}}]}},"_links":{"self":[{"href":"https:\/\/www.vertical-fit.fr\/en\/wp-json\/wp\/v2\/pages\/541"}],"collection":[{"href":"https:\/\/www.vertical-fit.fr\/en\/wp-json\/wp\/v2\/pages"}],"about":[{"href":"https:\/\/www.vertical-fit.fr\/en\/wp-json\/wp\/v2\/types\/page"}],"author":[{"embeddable":true,"href":"https:\/\/www.vertical-fit.fr\/en\/wp-json\/wp\/v2\/users\/1"}],"replies":[{"embeddable":true,"href":"https:\/\/www.vertical-fit.fr\/en\/wp-json\/wp\/v2\/comments?post=541"}],"version-history":[{"count":10,"href":"https:\/\/www.vertical-fit.fr\/en\/wp-json\/wp\/v2\/pages\/541\/revisions"}],"predecessor-version":[{"id":1006,"href":"https:\/\/www.vertical-fit.fr\/en\/wp-json\/wp\/v2\/pages\/541\/revisions\/1006"}],"up":[{"embeddable":true,"href":"https:\/\/www.vertical-fit.fr\/en\/wp-json\/wp\/v2\/pages\/22"}],"wp:attachment":[{"href":"https:\/\/www.vertical-fit.fr\/en\/wp-json\/wp\/v2\/media?parent=541"}],"curies":[{"name":"wp","href":"https:\/\/api.w.org\/{rel}","templated":true}]}}